{"id":104,"date":"2023-12-20T20:25:13","date_gmt":"2023-12-20T19:25:13","guid":{"rendered":"https:\/\/www.orphelius-lazaar.de\/?page_id=104"},"modified":"2024-03-03T10:50:44","modified_gmt":"2024-03-03T09:50:44","slug":"products","status":"publish","type":"page","link":"https:\/\/www.orphelius-lazaar.de\/?page_id=104","title":{"rendered":"Products"},"content":{"rendered":"\n<figure class=\"wp-block-image alignfull size-large\"><img loading=\"lazy\" decoding=\"async\" width=\"1024\" height=\"205\" src=\"https:\/\/www.orphelius-lazaar.de\/wp-content\/uploads\/2024\/02\/banner_products-1024x205.jpg\" alt=\"\" class=\"wp-image-202\" srcset=\"https:\/\/www.orphelius-lazaar.de\/wp-content\/uploads\/2024\/02\/banner_products-1024x205.jpg 1024w, https:\/\/www.orphelius-lazaar.de\/wp-content\/uploads\/2024\/02\/banner_products-300x60.jpg 300w, https:\/\/www.orphelius-lazaar.de\/wp-content\/uploads\/2024\/02\/banner_products-768x154.jpg 768w, https:\/\/www.orphelius-lazaar.de\/wp-content\/uploads\/2024\/02\/banner_products-1536x307.jpg 1536w, https:\/\/www.orphelius-lazaar.de\/wp-content\/uploads\/2024\/02\/banner_products.jpg 2000w\" sizes=\"auto, (max-width: 1024px) 100vw, 1024px\" \/><\/figure>\n\n\n\n<h2 class=\"wp-block-heading\">Produkte<\/h2>\n\n\n\n<p>Anders als andere Salons bieten wir Dir nicht nur die Produkte eines Herstellers, sondern w\u00e4hlen aus dem gesamten Markt f\u00fcr Dich die Produkte aus, die uns von ihrer Qualit\u00e4t und ihrem Preis-Leistungsverh\u00e4ltnis \u00fcberzeugen.<\/p>\n\n\n\n<p>Einige Hersteller, mit denen wir gern zusammenarbeiten:<\/p>\n\n\n\n<ul class=\"wp-block-list\">\n<li>Redken<\/li>\n\n\n\n<li>Glynt<\/li>\n\n\n\n<li>Olaplex<\/li>\n\n\n\n<li>Great Lengths<\/li>\n\n\n\n<li>Goldwell<\/li>\n\n\n\n<li>Inebrya<\/li>\n\n\n\n<li>Schwarzkopf<\/li>\n\n\n\n<li>Dyson<\/li>\n\n\n\n<li>GHD<\/li>\n\n\n\n<li>Girl Got Lashes<\/li>\n\n\n\n<li>Neon Nails<\/li>\n<\/ul>\n\n\n\n<p>Sprich uns gern an, wenn Du etwas Bestimmtes suchst.<\/p>\n","protected":false},"excerpt":{"rendered":"<p>Produkte Anders als andere Salons bieten wir Dir nicht nur die Produkte eines Herstellers, sondern w\u00e4hlen aus dem gesamten Markt f\u00fcr Dich die Produkte aus, die uns von ihrer Qualit\u00e4t und ihrem Preis-Leistungsverh\u00e4ltnis \u00fcberzeugen. Einige Hersteller, mit denen wir gern zusammenarbeiten: Sprich uns gern an, wenn Du etwas Bestimmtes suchst.<\/p>\n","protected":false},"author":1,"featured_media":0,"parent":0,"menu_order":0,"comment_status":"closed","ping_status":"closed","template":"page-no-title","meta":{"footnotes":""},"class_list":["post-104","page","type-page","status-publish","hentry"],"_links":{"self":[{"href":"https:\/\/www.orphelius-lazaar.de\/index.php?rest_route=\/wp\/v2\/pages\/104","targetHints":{"allow":["GET"]}}],"collection":[{"href":"https:\/\/www.orphelius-lazaar.de\/index.php?rest_route=\/wp\/v2\/pages"}],"about":[{"href":"https:\/\/www.orphelius-lazaar.de\/index.php?rest_route=\/wp\/v2\/types\/page"}],"author":[{"embeddable":true,"href":"https:\/\/www.orphelius-lazaar.de\/index.php?rest_route=\/wp\/v2\/users\/1"}],"replies":[{"embeddable":true,"href":"https:\/\/www.orphelius-lazaar.de\/index.php?rest_route=%2Fwp%2Fv2%2Fcomments&post=104"}],"version-history":[{"count":4,"href":"https:\/\/www.orphelius-lazaar.de\/index.php?rest_route=\/wp\/v2\/pages\/104\/revisions"}],"predecessor-version":[{"id":233,"href":"https:\/\/www.orphelius-lazaar.de\/index.php?rest_route=\/wp\/v2\/pages\/104\/revisions\/233"}],"wp:attachment":[{"href":"https:\/\/www.orphelius-lazaar.de\/index.php?rest_route=%2Fwp%2Fv2%2Fmedia&parent=104"}],"curies":[{"name":"wp","href":"https:\/\/api.w.org\/{rel}","templated":true}]}}